{"id":18,"date":"2022-01-25T19:49:13","date_gmt":"2022-01-25T19:49:13","guid":{"rendered":"https:\/\/pz506.com\/anamariaorozco\/?page_id=18"},"modified":"2022-02-14T00:11:25","modified_gmt":"2022-02-14T00:11:25","slug":"biografia","status":"publish","type":"page","link":"https:\/\/anamariaorozco.info\/","title":{"rendered":"Biograf\u00eda"},"content":{"rendered":"\n<p>Es hija del actor&nbsp;<a href=\"https:\/\/es.wikipedia.org\/wiki\/Luis_Fernando_Orozco_(actor)\">Luis Fernando Orozco<\/a>&nbsp;y la ex&nbsp;<a href=\"https:\/\/es.wikipedia.org\/wiki\/Locuci%C3%B3n\">locutora<\/a>&nbsp;de&nbsp;<a href=\"https:\/\/es.wikipedia.org\/wiki\/Radio_(medio_de_comunicaci%C3%B3n)\">radio<\/a>&nbsp;Carmenza Aristiz\u00e1bal. Tiene dos hermanas,&nbsp;<a href=\"https:\/\/es.wikipedia.org\/wiki\/Ver%C3%B3nica_Orozco\">Ver\u00f3nica Orozco<\/a>, tambi\u00e9n actriz, y Juliana, licenciada en lenguas modernas y quien a pesar de tener mucho talento prefiri\u00f3 mantenerse lejos del mundo del espect\u00e1culo. Dedica su tiempo libre a cantar, pintar, patinar, ir al cine, bailar y leer.<sup><a href=\"https:\/\/es.wikipedia.org\/wiki\/Ana_Mar%C3%ADa_Orozco#cite_note-2\">2<\/a><\/sup>\u200b<\/p>\n\n\n\n<p>Fuente: <a href=\"https:\/\/es.wikipedia.org\/wiki\/Ana_Mar\u00eda_Orozco#Carrera\" data-type=\"URL\" data-id=\"https:\/\/es.wikipedia.org\/wiki\/Ana_Mar\u00eda_Orozco#Carrera\">https:\/\/es.wikipedia.org\/wiki\/Ana_Mar\u00eda_Orozco#Carrera<\/a><\/p>\n\n\n\n<p><\/p>\n\n\n\n<div class=\"wp-block-image\"><figure class=\"aligncenter size-large\"><img loading=\"lazy\" decoding=\"async\" width=\"1024\" height=\"591\" src=\"https:\/\/pz506.com\/anamariaorozco\/wp-content\/uploads\/2022\/01\/17438708_410076592706386_8569002690925821952_n-1024x591.jpg\" alt=\"\" class=\"wp-image-93\" srcset=\"https:\/\/anamariaorozco.info\/wp-content\/uploads\/2022\/01\/17438708_410076592706386_8569002690925821952_n-1024x591.jpg 1024w, https:\/\/anamariaorozco.info\/wp-content\/uploads\/2022\/01\/17438708_410076592706386_8569002690925821952_n-300x173.jpg 300w, https:\/\/anamariaorozco.info\/wp-content\/uploads\/2022\/01\/17438708_410076592706386_8569002690925821952_n-768x443.jpg 768w, https:\/\/anamariaorozco.info\/wp-content\/uploads\/2022\/01\/17438708_410076592706386_8569002690925821952_n.jpg 1080w\" sizes=\"auto, (max-width: 1024px) 100vw, 1024px\" \/><\/figure><\/div>\n\n\n\n<p>Fuente: <a href=\"https:\/\/www.instagram.com\/anaorozcoof\/\">https:\/\/www.instagram.com\/anaorozcoof\/<\/a><\/p>\n\n\n\n<p><\/p>\n\n\n\n<p><\/p>\n\n\n\n<p><\/p>\n\n\n\n<p><\/p>\n","protected":false},"excerpt":{"rendered":"<p>Es hija del actor&nbsp;Luis Fernando Orozco&nbsp;y la ex&nbsp;locutora&nbsp;de&nbsp;radio&nbsp;Carmenza Aristiz\u00e1bal. Tiene dos hermanas,&nbsp;Ver\u00f3nica Orozco, tambi\u00e9n actriz, y Juliana, licenciada en lenguas modernas y quien a pesar de tener mucho talento prefiri\u00f3<\/p>\n<p class=\"more-link\"><a href=\"https:\/\/anamariaorozco.info\/\" class=\"readmore\">Seguir leyendo<svg class=\"icon icon-arrow-right\" aria-hidden=\"true\" role=\"img\"> <use href=\"#icon-arrow-right\" xlink:href=\"#icon-arrow-right\"><\/use> <\/svg><span class=\"screen-reader-text\">Biograf\u00eda<\/span><\/a><\/p>\n","protected":false},"author":1,"featured_media":0,"parent":0,"menu_order":0,"comment_status":"closed","ping_status":"closed","template":"","meta":{"footnotes":""},"class_list":["post-18","page","type-page","status-publish","hentry"],"_links":{"self":[{"href":"https:\/\/anamariaorozco.info\/index.php?rest_route=\/wp\/v2\/pages\/18","targetHints":{"allow":["GET"]}}],"collection":[{"href":"https:\/\/anamariaorozco.info\/index.php?rest_route=\/wp\/v2\/pages"}],"about":[{"href":"https:\/\/anamariaorozco.info\/index.php?rest_route=\/wp\/v2\/types\/page"}],"author":[{"embeddable":true,"href":"https:\/\/anamariaorozco.info\/index.php?rest_route=\/wp\/v2\/users\/1"}],"replies":[{"embeddable":true,"href":"https:\/\/anamariaorozco.info\/index.php?rest_route=%2Fwp%2Fv2%2Fcomments&post=18"}],"version-history":[{"count":15,"href":"https:\/\/anamariaorozco.info\/index.php?rest_route=\/wp\/v2\/pages\/18\/revisions"}],"predecessor-version":[{"id":238,"href":"https:\/\/anamariaorozco.info\/index.php?rest_route=\/wp\/v2\/pages\/18\/revisions\/238"}],"wp:attachment":[{"href":"https:\/\/anamariaorozco.info\/index.php?rest_route=%2Fwp%2Fv2%2Fmedia&parent=18"}],"curies":[{"name":"wp","href":"https:\/\/api.w.org\/{rel}","templated":true}]}}